{"id":2718,"date":"2021-09-29T19:47:14","date_gmt":"2021-09-29T23:47:14","guid":{"rendered":"https:\/\/highvision.ca\/politique-de-confidentialite-2\/"},"modified":"2021-09-29T20:00:38","modified_gmt":"2021-09-30T00:00:38","slug":"politique-de-confidentialite","status":"publish","type":"page","link":"https:\/\/highvision.ca\/fr\/politique-de-confidentialite\/","title":{"rendered":"Politique de confidentialit\u00e9"},"content":{"rendered":"\n<h2 class=\"wp-block-heading\">Politique de confidentialit\u00e9 de HighVision<\/h2>\n\n\n\n<p>Chez HighVision, accessible depuis highvision.ca, l&rsquo;une de nos principales priorit\u00e9s est la confidentialit\u00e9 de nos visiteurs. Ce document de politique de confidentialit\u00e9 contient les types d&rsquo;informations qui sont collect\u00e9es et enregistr\u00e9es par HighVision et la fa\u00e7on dont nous les utilisons. <\/p>\n\n\n\n<p>Si vous avez des questions suppl\u00e9mentaires ou si vous avez besoin de plus d&rsquo;informations sur notre politique de confidentialit\u00e9, n&rsquo;h\u00e9sitez pas \u00e0 nous contacter.<\/p>\n\n\n\n<p>Cette politique de confidentialit\u00e9 s&rsquo;applique uniquement \u00e0 nos activit\u00e9s en ligne et est valable pour les visiteurs de notre site web en ce qui concerne les informations qu&rsquo;ils ont partag\u00e9es et\/ou collect\u00e9es dans HighVision. Cette politique n&rsquo;est pas applicable aux informations collect\u00e9es hors ligne ou via des canaux autres que ce site web. . <\/p>\n\n\n\n<h3 class=\"wp-block-heading\">Consentement<\/h3>\n\n\n\n<p>En utilisant notre site web, vous consentez \u00e0 notre politique de confidentialit\u00e9 et acceptez ses conditions.<\/p>\n\n\n\n<h3 class=\"wp-block-heading\">Informations que nous recueillons<\/h3>\n\n\n\n<p>Les informations personnelles que l&rsquo;on vous demande de fournir, et les raisons pour lesquelles on vous demande de les fournir, vous seront pr\u00e9cis\u00e9es au moment o\u00f9 nous vous demanderons de fournir vos informations personnelles.<\/p>\n\n\n\n<p>Si vous nous contactez directement, nous pouvons recevoir des informations suppl\u00e9mentaires vous concernant, telles que votre nom, votre adresse \u00e9lectronique, votre num\u00e9ro de t\u00e9l\u00e9phone, le contenu du message et\/ou des pi\u00e8ces jointes que vous pouvez nous envoyer, ainsi que toute autre information que vous pouvez choisir de nous fournir.<\/p>\n\n\n\n<p>Lorsque vous ouvrez un compte, nous pouvons vous demander vos coordonn\u00e9es, notamment des \u00e9l\u00e9ments tels que votre nom, le nom de votre soci\u00e9t\u00e9, votre adresse, votre adresse \u00e9lectronique et votre num\u00e9ro de t\u00e9l\u00e9phone.<\/p>\n\n\n\n<h3 class=\"wp-block-heading\">Comment nous utilisons vos informations<\/h3>\n\n\n\n<p>Nous utilisons les informations que nous recueillons de diverses mani\u00e8res, notamment pour :<\/p>\n\n\n\n<ul class=\"wp-block-list\"><li>Proviser, exploiter et maintenir notre site web<\/li><li>Am\u00e9liorer, personnaliser et d\u00e9velopper notre site web<\/li><li>Comprendre et analyser la fa\u00e7on dont vous utilisez notre site web<\/li><li>D\u00e9velopper de nouveaux produits, services, caract\u00e9ristiques et fonctionnalit\u00e9s<\/li><li>Communiquer avec vous, soit directement, soit par l&rsquo;interm\u00e9diaire de l&rsquo;un de nos partenaires, notamment pour le service client\u00e8le, pour vous fournir des mises \u00e0 jour et d&rsquo;autres informations relatives au site web, et \u00e0 des fins de marketing et de promotion<\/li><li>Vous envoyer des e-mails<\/li><li>D\u00e9tecter et pr\u00e9venir la fraude<\/li><\/ul>\n\n\n\n<h3 class=\"wp-block-heading\">Fichiers journaux<\/h3>\n\n\n\n<p>HighVision suit une proc\u00e9dure standard d&rsquo;utilisation des fichiers journaux. Ces fichiers enregistrent les visiteurs lorsqu&rsquo;ils visitent des sites Web. Toutes les soci\u00e9t\u00e9s d&rsquo;h\u00e9bergement font cela et font partie de l&rsquo;analyse des services d&rsquo;h\u00e9bergement. Les informations collect\u00e9es par les fichiers journaux comprennent les adresses de protocole Internet (IP), le type de navigateur, le fournisseur d&rsquo;acc\u00e8s Internet (FAI), la date et l&rsquo;heure, les pages de renvoi \/ sortie et \u00e9ventuellement le nombre de clics. Ceux-ci ne sont li\u00e9s \u00e0 aucune information personnellement identifiable. Le but de ces informations est d&rsquo;analyser les tendances, d&rsquo;administrer le site, de suivre les mouvements des utilisateurs sur le site Web et de collecter des informations d\u00e9mographiques.     <\/p>\n\n\n\n<h3 class=\"wp-block-heading\">Cookies et balises web<\/h3>\n\n\n\n<p>Comme tout autre site web, HighVision utilise des \u00a0\u00bb cookies \u00ab\u00a0. Ces cookies sont utilis\u00e9s pour stocker des informations, y compris les pr\u00e9f\u00e9rences des visiteurs, et les pages du site web auxquelles le visiteur a acc\u00e9d\u00e9 ou qu&rsquo;il a visit\u00e9es. Ces informations sont utilis\u00e9es pour optimiser l&rsquo;exp\u00e9rience des utilisateurs en personnalisant le contenu de nos pages web en fonction du type de navigateur des visiteurs et\/ou d&rsquo;autres informations.  <\/p>\n\n\n\n<h3 class=\"wp-block-heading\">Politiques de confidentialit\u00e9 des partenaires publicitaires<\/h3>\n\n\n\n<p>Vous pouvez consulter cette liste pour trouver la politique de confidentialit\u00e9 de chacun des partenaires publicitaires de HighVision.<\/p>\n\n\n\n<p>Les serveurs publicitaires tiers ou les r\u00e9seaux publicitaires utilisent des technologies comme les cookies, le JavaScript ou les balises Web qui sont utilis\u00e9es dans leurs publicit\u00e9s et liens respectifs qui apparaissent sur HighVision, qui sont envoy\u00e9s directement au navigateur des utilisateurs. Ils re\u00e7oivent automatiquement votre adresse IP lorsque cela se produit. Ces technologies sont utilis\u00e9es pour mesurer l&rsquo;efficacit\u00e9 de leurs campagnes publicitaires et\/ou pour personnaliser le contenu publicitaire que vous voyez sur les sites web que vous visitez.  <\/p>\n\n\n\n<p>Notez que HighVision n&rsquo;a aucun acc\u00e8s ou contr\u00f4le sur ces cookies qui sont utilis\u00e9s par des annonceurs tiers.<\/p>\n\n\n\n<h3 class=\"wp-block-heading\">Politiques de confidentialit\u00e9 des tiers<\/h3>\n\n\n\n<p>La politique de confidentialit\u00e9 de HighVision ne s&rsquo;applique pas aux autres annonceurs ou sites web. Ainsi, nous vous conseillons de consulter les politiques de confidentialit\u00e9 respectives de ces serveurs publicitaires tiers pour obtenir des informations plus d\u00e9taill\u00e9es. Cela peut inclure leurs pratiques et des instructions sur la fa\u00e7on de refuser certaines options.  <\/p>\n\n\n\n<p>Vous pouvez choisir de d\u00e9sactiver les cookies via les options de votre navigateur individuel. Pour conna\u00eetre des informations plus d\u00e9taill\u00e9es sur la gestion des cookies avec des navigateurs web sp\u00e9cifiques, elles peuvent \u00eatre trouv\u00e9es sur les sites web respectifs de ces navigateurs. <\/p>\n\n\n\n<h3 class=\"wp-block-heading\">Droits en mati\u00e8re de protection des donn\u00e9es RGPD<\/h3>\n\n\n\n<p>Nous tenons \u00e0 nous assurer que vous \u00eates pleinement conscient de tous vos droits en mati\u00e8re de protection des donn\u00e9es. Chaque utilisateur a droit aux \u00e9l\u00e9ments suivants : <\/p>\n\n\n\n<p>Le droit d&rsquo;acc\u00e8s &#8211; Vous avez le droit de demander des copies de vos donn\u00e9es personnelles. Nous pouvons vous facturer une petite somme pour ce service. <\/p>\n\n\n\n<p>Le droit de rectification &#8211; Vous avez le droit de nous demander de corriger toute information que vous jugez inexacte. Vous avez \u00e9galement le droit de nous demander de compl\u00e9ter les informations que vous estimez incompl\u00e8tes. <\/p>\n\n\n\n<p>Le droit \u00e0 l&rsquo;effacement &#8211; Vous avez le droit de nous demander d&rsquo;effacer vos donn\u00e9es \u00e0 caract\u00e8re personnel, sous certaines conditions.<\/p>\n\n\n\n<p>Le droit de restreindre le traitement &#8211; Vous avez le droit de nous demander de restreindre le traitement de vos donn\u00e9es personnelles, sous certaines conditions.<\/p>\n\n\n\n<p>Le droit de s&rsquo;opposer au traitement &#8211; Vous avez le droit de vous opposer au traitement de vos donn\u00e9es personnelles, dans certaines conditions.<\/p>\n\n\n\n<p>Le droit \u00e0 la portabilit\u00e9 des donn\u00e9es &#8211; Vous avez le droit de nous demander de transf\u00e9rer les donn\u00e9es que nous avons collect\u00e9es \u00e0 une autre organisation, ou directement \u00e0 vous, sous certaines conditions.<\/p>\n\n\n\n<p>Si vous faites une demande, nous avons un mois pour vous r\u00e9pondre. Si vous souhaitez exercer l&rsquo;un de ces droits, veuillez nous contacter. <\/p>\n\n\n\n<h3 class=\"wp-block-heading\">Information sur les enfants<\/h3>\n\n\n\n<p>Une autre partie de notre priorit\u00e9 est d&rsquo;ajouter la protection des enfants lors de l&rsquo;utilisation d&rsquo;internet. Nous encourageons les parents et les tuteurs \u00e0 observer, \u00e0 participer et\/ou \u00e0 surveiller et \u00e0 guider leur activit\u00e9 en ligne. <\/p>\n\n\n\n<p>HighVision ne recueille pas sciemment d&rsquo;informations personnelles identifiables aupr\u00e8s d&rsquo;enfants de moins de 13 ans. Si vous pensez que votre enfant a fourni ce type d&rsquo;informations sur notre site Web, nous vous encourageons vivement \u00e0 nous contacter imm\u00e9diatement et nous ferons tout notre possible pour supprimer rapidement ces informations de nos dossiers. <\/p>\n","protected":false},"excerpt":{"rendered":"<p>Politique de confidentialit\u00e9 de HighVision Chez HighVision, accessible depuis highvision.ca, l&rsquo;une de nos principales priorit\u00e9s est la confidentialit\u00e9 de nos&#8230;<\/p>\n","protected":false},"author":1,"featured_media":2703,"parent":0,"menu_order":0,"comment_status":"closed","ping_status":"closed","template":"","meta":{"footnotes":""},"class_list":["post-2718","page","type-page","status-publish","has-post-thumbnail","hentry"],"_links":{"self":[{"href":"https:\/\/highvision.ca\/fr\/wp-json\/wp\/v2\/pages\/2718","targetHints":{"allow":["GET"]}}],"collection":[{"href":"https:\/\/highvision.ca\/fr\/wp-json\/wp\/v2\/pages"}],"about":[{"href":"https:\/\/highvision.ca\/fr\/wp-json\/wp\/v2\/types\/page"}],"author":[{"embeddable":true,"href":"https:\/\/highvision.ca\/fr\/wp-json\/wp\/v2\/users\/1"}],"replies":[{"embeddable":true,"href":"https:\/\/highvision.ca\/fr\/wp-json\/wp\/v2\/comments?post=2718"}],"version-history":[{"count":8,"href":"https:\/\/highvision.ca\/fr\/wp-json\/wp\/v2\/pages\/2718\/revisions"}],"predecessor-version":[{"id":2726,"href":"https:\/\/highvision.ca\/fr\/wp-json\/wp\/v2\/pages\/2718\/revisions\/2726"}],"wp:featuredmedia":[{"embeddable":true,"href":"https:\/\/highvision.ca\/fr\/wp-json\/wp\/v2\/media\/2703"}],"wp:attachment":[{"href":"https:\/\/highvision.ca\/fr\/wp-json\/wp\/v2\/media?parent=2718"}],"curies":[{"name":"wp","href":"https:\/\/api.w.org\/{rel}","templated":true}]}}