{"id":2369,"date":"2021-06-08T14:09:03","date_gmt":"2021-06-08T18:09:03","guid":{"rendered":"https:\/\/highvision.ca\/conception-et-developpement-de-sites-web\/"},"modified":"2022-03-21T17:20:06","modified_gmt":"2022-03-21T21:20:06","slug":"conception-et-developpement-de-sites-web","status":"publish","type":"page","link":"https:\/\/highvision.ca\/fr\/conception-et-developpement-de-sites-web\/","title":{"rendered":"Conception et d\u00e9veloppement de sites Web"},"content":{"rendered":"\t\t<div data-elementor-type=\"wp-page\" data-elementor-id=\"2369\" class=\"elementor elementor-2369 elementor-1187\">\n\t\t\t\t\t\t<section class=\"elementor-section elementor-top-section elementor-element elementor-element-6be2333 elementor-section-boxed elementor-section-height-default elementor-section-height-default\" data-id=\"6be2333\" data-element_type=\"section\" data-e-type=\"section\">\n\t\t\t\t\t\t<div class=\"elementor-container elementor-column-gap-default\">\n\t\t\t\t\t<div class=\"elementor-column elementor-col-33 elementor-top-column elementor-element elementor-element-7819681 elementor-invisible\" data-id=\"7819681\" data-element_type=\"column\" data-e-type=\"column\" data-settings=\"{&quot;animation&quot;:&quot;fadeInUp&quot;}\">\n\t\t\t<div class=\"elementor-widget-wrap elementor-element-populated\">\n\t\t\t\t\t\t<div class=\"elementor-element elementor-element-a38a9e4 elementor-widget elementor-widget-image\" data-id=\"a38a9e4\" data-element_type=\"widget\" data-e-type=\"widget\" data-widget_type=\"image.default\">\n\t\t\t\t<div class=\"elementor-widget-container\">\n\t\t\t\t\t\t\t\t\t\t\t\t\t\t\t<img fetchpriority=\"high\" decoding=\"async\" width=\"600\" height=\"600\" src=\"https:\/\/highvision.ca\/wp-content\/uploads\/2021\/04\/IPHONE-600x600.jpg\" class=\"attachment-leverage-about-image size-leverage-about-image wp-image-2249\" alt=\"IPHONE mobile\" srcset=\"https:\/\/highvision.ca\/wp-content\/uploads\/2021\/04\/IPHONE-600x600.jpg 600w, https:\/\/highvision.ca\/wp-content\/uploads\/2021\/04\/IPHONE-150x150.jpg 150w, https:\/\/highvision.ca\/wp-content\/uploads\/2021\/04\/IPHONE-50x50.jpg 50w\" sizes=\"(max-width: 600px) 100vw, 600px\" \/>\t\t\t\t\t\t\t\t\t\t\t\t\t\t\t<\/div>\n\t\t\t\t<\/div>\n\t\t\t\t<div class=\"elementor-element elementor-element-2990454 elementor-widget elementor-widget-text-editor\" data-id=\"2990454\" data-element_type=\"widget\" data-e-type=\"widget\" data-widget_type=\"text-editor.default\">\n\t\t\t\t<div class=\"elementor-widget-container\">\n\t\t\t\t\t\t\t\t\t<h3 class=\"elementor-image-box-title elementor-inline-editing pen\" style=\"text-align: center;\" contenteditable=\"true\" data-elementor-setting-key=\"title_text\" data-elementor-inline-editing-toolbar=\"none\" data-pen-placeholder=\"Type Here...\">Mobile d&rsquo;abord<\/h3>\n<p style=\"text-align: center;\">Concevoir une exp\u00e9rience en ligne pour les appareils mobiles avant de la d\u00e9velopper pour les ordinateurs de bureau ou tout autre appareil. Il s&rsquo;agit non seulement d&rsquo;approcher les utilisateurs mobiles, qui sont les plus nombreux, mais aussi d&rsquo;une n\u00e9cessit\u00e9 pour le succ\u00e8s du classement dans les moteurs de recherche. <\/p>\n\t\t\t\t\t\t\t\t<\/div>\n\t\t\t\t<\/div>\n\t\t\t\t\t<\/div>\n\t\t<\/div>\n\t\t\t\t<div class=\"elementor-column elementor-col-33 elementor-top-column elementor-element elementor-element-22ada66 elementor-invisible\" data-id=\"22ada66\" data-element_type=\"column\" data-e-type=\"column\" data-settings=\"{&quot;animation&quot;:&quot;fadeInDown&quot;}\">\n\t\t\t<div class=\"elementor-widget-wrap elementor-element-populated\">\n\t\t\t\t\t\t<div class=\"elementor-element elementor-element-56848d9 elementor-widget elementor-widget-image\" data-id=\"56848d9\" data-element_type=\"widget\" data-e-type=\"widget\" data-widget_type=\"image.default\">\n\t\t\t\t<div class=\"elementor-widget-container\">\n\t\t\t\t\t\t\t\t\t\t\t\t\t\t\t<img decoding=\"async\" width=\"600\" height=\"600\" src=\"https:\/\/highvision.ca\/wp-content\/uploads\/2021\/04\/CODE-600x600.jpg\" class=\"attachment-leverage-about-image size-leverage-about-image wp-image-2261\" alt=\"CODE\" srcset=\"https:\/\/highvision.ca\/wp-content\/uploads\/2021\/04\/CODE-600x600.jpg 600w, https:\/\/highvision.ca\/wp-content\/uploads\/2021\/04\/CODE-150x150.jpg 150w, https:\/\/highvision.ca\/wp-content\/uploads\/2021\/04\/CODE-50x50.jpg 50w\" sizes=\"(max-width: 600px) 100vw, 600px\" \/>\t\t\t\t\t\t\t\t\t\t\t\t\t\t\t<\/div>\n\t\t\t\t<\/div>\n\t\t\t\t<div class=\"elementor-element elementor-element-8ebecd4 elementor-widget elementor-widget-text-editor\" data-id=\"8ebecd4\" data-element_type=\"widget\" data-e-type=\"widget\" data-widget_type=\"text-editor.default\">\n\t\t\t\t<div class=\"elementor-widget-container\">\n\t\t\t\t\t\t\t\t\t<h3 style=\"text-align: center;\">Bien cod\u00e9<\/h3>\n<p style=\"text-align: center;\">Des sites Web bien cod\u00e9s, \u00e0 l&rsquo;\u00e9preuve des erreurs, plus l\u00e9gers et plus rapides, optimis\u00e9s pour la compatibilit\u00e9 et offrant une exp\u00e9rience utilisateur fluide, destin\u00e9s \u00e0 am\u00e9liorer les conversions du trafic.<\/p>\n\t\t\t\t\t\t\t\t<\/div>\n\t\t\t\t<\/div>\n\t\t\t\t\t<\/div>\n\t\t<\/div>\n\t\t\t\t<div class=\"elementor-column elementor-col-33 elementor-top-column elementor-element elementor-element-3f014ec elementor-invisible\" data-id=\"3f014ec\" data-element_type=\"column\" data-e-type=\"column\" data-settings=\"{&quot;animation&quot;:&quot;fadeInUp&quot;}\">\n\t\t\t<div class=\"elementor-widget-wrap elementor-element-populated\">\n\t\t\t\t\t\t<div class=\"elementor-element elementor-element-4955144 elementor-widget elementor-widget-image\" data-id=\"4955144\" data-element_type=\"widget\" data-e-type=\"widget\" data-widget_type=\"image.default\">\n\t\t\t\t<div class=\"elementor-widget-container\">\n\t\t\t\t\t\t\t\t\t\t\t\t\t\t\t<img decoding=\"async\" width=\"600\" height=\"600\" src=\"https:\/\/highvision.ca\/wp-content\/uploads\/2021\/04\/LAPTOP-600x600.jpg\" class=\"attachment-leverage-about-image size-leverage-about-image wp-image-2247\" alt=\"LAPTOP\" srcset=\"https:\/\/highvision.ca\/wp-content\/uploads\/2021\/04\/LAPTOP-600x600.jpg 600w, https:\/\/highvision.ca\/wp-content\/uploads\/2021\/04\/LAPTOP-150x150.jpg 150w, https:\/\/highvision.ca\/wp-content\/uploads\/2021\/04\/LAPTOP-50x50.jpg 50w\" sizes=\"(max-width: 600px) 100vw, 600px\" \/>\t\t\t\t\t\t\t\t\t\t\t\t\t\t\t<\/div>\n\t\t\t\t<\/div>\n\t\t\t\t<div class=\"elementor-element elementor-element-1910d41 elementor-widget elementor-widget-text-editor\" data-id=\"1910d41\" data-element_type=\"widget\" data-e-type=\"widget\" data-widget_type=\"text-editor.default\">\n\t\t\t\t<div class=\"elementor-widget-container\">\n\t\t\t\t\t\t\t\t\t<h3 style=\"text-align: center;\">Conception unique<\/h3>\n<p style=\"text-align: center;\">Cr\u00e9ativit\u00e9 et innovation, navigation propre et intuitive, conception toujours adapt\u00e9e \u00e0 votre identit\u00e9 de marque : telle est notre fa\u00e7on de d\u00e9velopper des sites web \u00e0 succ\u00e8s.<\/p>\n\t\t\t\t\t\t\t\t<\/div>\n\t\t\t\t<\/div>\n\t\t\t\t\t<\/div>\n\t\t<\/div>\n\t\t\t\t\t<\/div>\n\t\t<\/section>\n\t\t\t\t<\/div>\n\t\t","protected":false},"excerpt":{"rendered":"<p>Mobile d&rsquo;abord Concevoir une exp\u00e9rience en ligne pour les appareils mobiles avant de la d\u00e9velopper pour les ordinateurs de bureau&#8230;<\/p>\n","protected":false},"author":1,"featured_media":0,"parent":0,"menu_order":0,"comment_status":"closed","ping_status":"closed","template":"","meta":{"footnotes":""},"class_list":["post-2369","page","type-page","status-publish","hentry"],"_links":{"self":[{"href":"https:\/\/highvision.ca\/fr\/wp-json\/wp\/v2\/pages\/2369","targetHints":{"allow":["GET"]}}],"collection":[{"href":"https:\/\/highvision.ca\/fr\/wp-json\/wp\/v2\/pages"}],"about":[{"href":"https:\/\/highvision.ca\/fr\/wp-json\/wp\/v2\/types\/page"}],"author":[{"embeddable":true,"href":"https:\/\/highvision.ca\/fr\/wp-json\/wp\/v2\/users\/1"}],"replies":[{"embeddable":true,"href":"https:\/\/highvision.ca\/fr\/wp-json\/wp\/v2\/comments?post=2369"}],"version-history":[{"count":14,"href":"https:\/\/highvision.ca\/fr\/wp-json\/wp\/v2\/pages\/2369\/revisions"}],"predecessor-version":[{"id":2802,"href":"https:\/\/highvision.ca\/fr\/wp-json\/wp\/v2\/pages\/2369\/revisions\/2802"}],"wp:attachment":[{"href":"https:\/\/highvision.ca\/fr\/wp-json\/wp\/v2\/media?parent=2369"}],"curies":[{"name":"wp","href":"https:\/\/api.w.org\/{rel}","templated":true}]}}