{"id":2334,"date":"2021-06-07T01:39:38","date_gmt":"2021-06-07T05:39:38","guid":{"rendered":"https:\/\/highvision.ca\/services-de-drones\/"},"modified":"2022-03-21T17:18:53","modified_gmt":"2022-03-21T21:18:53","slug":"services-de-drones","status":"publish","type":"page","link":"https:\/\/highvision.ca\/fr\/services-de-drones\/","title":{"rendered":"Services de drones"},"content":{"rendered":"\t\t<div data-elementor-type=\"wp-page\" data-elementor-id=\"2334\" class=\"elementor elementor-2334 elementor-2\">\n\t\t\t\t\t\t<section class=\"elementor-section elementor-top-section elementor-element elementor-element-102f18f elementor-section-boxed elementor-section-height-default elementor-section-height-default\" data-id=\"102f18f\" data-element_type=\"section\" data-e-type=\"section\">\n\t\t\t\t\t\t<div class=\"elementor-container elementor-column-gap-default\">\n\t\t\t\t\t<div class=\"elementor-column elementor-col-100 elementor-top-column elementor-element elementor-element-47ec7858\" data-id=\"47ec7858\" data-element_type=\"column\" data-e-type=\"column\">\n\t\t\t<div class=\"elementor-widget-wrap elementor-element-populated\">\n\t\t\t\t\t\t<div class=\"elementor-element elementor-element-3ec34962 elementor-invisible elementor-widget elementor-widget-text-editor\" data-id=\"3ec34962\" data-element_type=\"widget\" data-e-type=\"widget\" data-settings=\"{&quot;_animation&quot;:&quot;bounceInUp&quot;}\" data-widget_type=\"text-editor.default\">\n\t\t\t\t<div class=\"elementor-widget-container\">\n\t\t\t\t\t\t\t\t\t<p><\/p>\n<blockquote class=\"wp-block-quote has-text-align-center is-style-large\">\n<p>\u00ab\u00a0Ce n&rsquo;est que lorsque vous volez au-dessus d&rsquo;elle que vous r\u00e9alisez \u00e0 quel point la Terre est incroyable.\u00a0\u00bb<\/p>\n<\/blockquote>\n<p><\/p>\n<figure class=\"wp-block-image size-large is-resized\"><img fetchpriority=\"high\" decoding=\"async\" class=\"wp-image-1636\" src=\"https:\/\/highvision.ca\/wp-content\/uploads\/2021\/04\/viewdrone-1024x576.jpg\" alt=\"\" width=\"972\" height=\"546\" srcset=\"https:\/\/highvision.ca\/wp-content\/uploads\/2021\/04\/viewdrone-1024x576.jpg 1024w, https:\/\/highvision.ca\/wp-content\/uploads\/2021\/04\/viewdrone-300x169.jpg 300w, https:\/\/highvision.ca\/wp-content\/uploads\/2021\/04\/viewdrone-768x432.jpg 768w, https:\/\/highvision.ca\/wp-content\/uploads\/2021\/04\/viewdrone-1536x864.jpg 1536w, https:\/\/highvision.ca\/wp-content\/uploads\/2021\/04\/viewdrone-2048x1152.jpg 2048w\" sizes=\"(max-width: 972px) 100vw, 972px\" \/><\/figure>\n<p><\/p>\n<h2><strong>De la conception des id\u00e9es \u00e0 la r\u00e9alisation des objectifs<\/strong><\/h2>\n<p><\/p>\n<blockquote class=\"wp-block-quote has-text-align-center is-style-large\">\n<p>Vous pouvez nous soumettre vos id\u00e9es de photographie et de vid\u00e9ographie a\u00e9riennes et nous nous chargerons de tout, de la planification du vol \u00e0 l&rsquo;\u00e9dition des photos et des vid\u00e9os, en passant par la publication.<\/p>\n<\/blockquote>\n<p><\/p>\n<p><\/p>\n\t\t\t\t\t\t\t\t<\/div>\n\t\t\t\t<\/div>\n\t\t\t\t<div class=\"elementor-element elementor-element-d9d570d elementor-widget elementor-widget-spacer\" data-id=\"d9d570d\" data-element_type=\"widget\" data-e-type=\"widget\" data-widget_type=\"spacer.default\">\n\t\t\t\t<div class=\"elementor-widget-container\">\n\t\t\t\t\t\t\t<div class=\"elementor-spacer\">\n\t\t\t<div class=\"elementor-spacer-inner\"><\/div>\n\t\t<\/div>\n\t\t\t\t\t\t<\/div>\n\t\t\t\t<\/div>\n\t\t\t\t\t<\/div>\n\t\t<\/div>\n\t\t\t\t\t<\/div>\n\t\t<\/section>\n\t\t\t\t<section class=\"elementor-section elementor-top-section elementor-element elementor-element-6de9946 elementor-section-boxed elementor-section-height-default elementor-section-height-default\" data-id=\"6de9946\" data-element_type=\"section\" data-e-type=\"section\">\n\t\t\t\t\t\t<div class=\"elementor-container elementor-column-gap-default\">\n\t\t\t\t\t<div class=\"elementor-column elementor-col-100 elementor-top-column elementor-element elementor-element-91550b7\" data-id=\"91550b7\" data-element_type=\"column\" data-e-type=\"column\">\n\t\t\t<div class=\"elementor-widget-wrap elementor-element-populated\">\n\t\t\t\t\t\t<div class=\"elementor-element elementor-element-66aafbe elementor-view-default elementor-position-block-start elementor-mobile-position-block-start elementor-invisible elementor-widget elementor-widget-icon-box\" data-id=\"66aafbe\" data-element_type=\"widget\" data-e-type=\"widget\" data-settings=\"{&quot;_animation&quot;:&quot;lightSpeedIn&quot;}\" data-widget_type=\"icon-box.default\">\n\t\t\t\t<div class=\"elementor-widget-container\">\n\t\t\t\t\t\t\t<div class=\"elementor-icon-box-wrapper\">\n\n\t\t\t\t\t\t<div class=\"elementor-icon-box-icon\">\n\t\t\t\t<span  class=\"elementor-icon elementor-animation-grow\">\n\t\t\t\t<i aria-hidden=\"true\" class=\"fas fa-house-user\"><\/i>\t\t\t\t<\/span>\n\t\t\t<\/div>\n\t\t\t\n\t\t\t\t\t\t<div class=\"elementor-icon-box-content\">\n\n\t\t\t\t\t\t\t\t\t<h3 class=\"elementor-icon-box-title\">\n\t\t\t\t\t\t<span  >\n\t\t\t\t\t\t\tImmobilier\t\t\t\t\t\t<\/span>\n\t\t\t\t\t<\/h3>\n\t\t\t\t\n\t\t\t\t\t\t\t\t\t<p class=\"elementor-icon-box-description\">\n\t\t\t\t\t\tLes photographies traditionnelles peuvent seulement capturer certaines parties d'une maison ou de tout autre bien immobilier. Cela signifie que vos clients doivent faire d\u00e9filer plusieurs images pour voir l'ensemble de la propri\u00e9t\u00e9. Avec la photographie a\u00e9rienne ou la vid\u00e9ographie, il est possible de saisir en une seule fois, des images de haute qualit\u00e9 de l'ensemble du bien immobilier.  \t\t\t\t\t<\/p>\n\t\t\t\t\n\t\t\t<\/div>\n\t\t\t\n\t\t<\/div>\n\t\t\t\t\t\t<\/div>\n\t\t\t\t<\/div>\n\t\t\t\t\t<\/div>\n\t\t<\/div>\n\t\t\t\t\t<\/div>\n\t\t<\/section>\n\t\t\t\t<section class=\"elementor-section elementor-top-section elementor-element elementor-element-d4fb6d0 elementor-section-boxed elementor-section-height-default elementor-section-height-default\" data-id=\"d4fb6d0\" data-element_type=\"section\" data-e-type=\"section\">\n\t\t\t\t\t\t<div class=\"elementor-container elementor-column-gap-default\">\n\t\t\t\t\t<div class=\"elementor-column elementor-col-100 elementor-top-column elementor-element elementor-element-ab21990\" data-id=\"ab21990\" data-element_type=\"column\" data-e-type=\"column\">\n\t\t\t<div class=\"elementor-widget-wrap elementor-element-populated\">\n\t\t\t\t\t\t<div class=\"elementor-element elementor-element-6c8d13c elementor-view-default elementor-position-block-start elementor-mobile-position-block-start elementor-invisible elementor-widget elementor-widget-icon-box\" data-id=\"6c8d13c\" data-element_type=\"widget\" data-e-type=\"widget\" data-settings=\"{&quot;_animation&quot;:&quot;rollIn&quot;}\" data-widget_type=\"icon-box.default\">\n\t\t\t\t<div class=\"elementor-widget-container\">\n\t\t\t\t\t\t\t<div class=\"elementor-icon-box-wrapper\">\n\n\t\t\t\t\t\t<div class=\"elementor-icon-box-icon\">\n\t\t\t\t<span  class=\"elementor-icon elementor-animation-grow\">\n\t\t\t\t<i aria-hidden=\"true\" class=\"fas fa-store\"><\/i>\t\t\t\t<\/span>\n\t\t\t<\/div>\n\t\t\t\n\t\t\t\t\t\t<div class=\"elementor-icon-box-content\">\n\n\t\t\t\t\t\t\t\t\t<h3 class=\"elementor-icon-box-title\">\n\t\t\t\t\t\t<span  >\n\t\t\t\t\t\t\tMagasin Commercial\t\t\t\t\t\t<\/span>\n\t\t\t\t\t<\/h3>\n\t\t\t\t\n\t\t\t\t\t\t\t\t\t<p class=\"elementor-icon-box-description\">\n\t\t\t\t\t\tL'ajout d'images a\u00e9riennes \u00e0 vos publicit\u00e9s peut donner une impression plus professionnelle. Cela peut \u00e9galement cr\u00e9er un sentiment de nouveaut\u00e9. Imaginez une prise de vue par drone de votre terrain de golf ou une vid\u00e9o a\u00e9rienne de votre h\u00f4tel qui s'\u00e9l\u00e8ve lentement. Cela incitera les clients \u00e0 interagir avec votre entreprise et \u00e0 en apprendre davantage sur ce que vous proposez.\t\t\t\t\t<\/p>\n\t\t\t\t\n\t\t\t<\/div>\n\t\t\t\n\t\t<\/div>\n\t\t\t\t\t\t<\/div>\n\t\t\t\t<\/div>\n\t\t\t\t\t<\/div>\n\t\t<\/div>\n\t\t\t\t\t<\/div>\n\t\t<\/section>\n\t\t\t\t<section class=\"elementor-section elementor-top-section elementor-element elementor-element-77a46a7 elementor-section-boxed elementor-section-height-default elementor-section-height-default\" data-id=\"77a46a7\" data-element_type=\"section\" data-e-type=\"section\">\n\t\t\t\t\t\t<div class=\"elementor-container elementor-column-gap-default\">\n\t\t\t\t\t<div class=\"elementor-column elementor-col-100 elementor-top-column elementor-element elementor-element-419f533\" data-id=\"419f533\" data-element_type=\"column\" data-e-type=\"column\">\n\t\t\t<div class=\"elementor-widget-wrap elementor-element-populated\">\n\t\t\t\t\t\t<div class=\"elementor-element elementor-element-0ee3244 elementor-view-default elementor-position-block-start elementor-mobile-position-block-start elementor-invisible elementor-widget elementor-widget-icon-box\" data-id=\"0ee3244\" data-element_type=\"widget\" data-e-type=\"widget\" data-settings=\"{&quot;_animation&quot;:&quot;slideInUp&quot;}\" data-widget_type=\"icon-box.default\">\n\t\t\t\t<div class=\"elementor-widget-container\">\n\t\t\t\t\t\t\t<div class=\"elementor-icon-box-wrapper\">\n\n\t\t\t\t\t\t<div class=\"elementor-icon-box-icon\">\n\t\t\t\t<span  class=\"elementor-icon elementor-animation-grow\">\n\t\t\t\t<i aria-hidden=\"true\" class=\"fas fa-star\"><\/i>\t\t\t\t<\/span>\n\t\t\t<\/div>\n\t\t\t\n\t\t\t\t\t\t<div class=\"elementor-icon-box-content\">\n\n\t\t\t\t\t\t\t\t\t<h3 class=\"elementor-icon-box-title\">\n\t\t\t\t\t\t<span  >\n\t\t\t\t\t\t\tSites de loisirs\t\t\t\t\t\t<\/span>\n\t\t\t\t\t<\/h3>\n\t\t\t\t\n\t\t\t\t\t\t\t\t\t<p class=\"elementor-icon-box-description\">\n\t\t\t\t\t\tSentiers de randonn\u00e9e, terrains de golf, parcs d'attractions, etc. : Nommez ce que vous souhaitez et nous pourrons vous fournir de superbes images a\u00e9riennes ! L'int\u00e9gration de photographies a\u00e9riennes ou de vid\u00e9os par drone dans la page web de votre \u00e9tablissement de loisirs peut donner envie aux clients de vous rendre visite. Ainsi, ils pourront voir tout ce que vous avez \u00e0 leur proposer, contrairement aux m\u00e9thodes traditionnelles de photographie.\t\t\t\t\t<\/p>\n\t\t\t\t\n\t\t\t<\/div>\n\t\t\t\n\t\t<\/div>\n\t\t\t\t\t\t<\/div>\n\t\t\t\t<\/div>\n\t\t\t\t\t<\/div>\n\t\t<\/div>\n\t\t\t\t\t<\/div>\n\t\t<\/section>\n\t\t\t\t<\/div>\n\t\t","protected":false},"excerpt":{"rendered":"<p>\u00ab\u00a0Ce n&rsquo;est que lorsque vous volez au-dessus d&rsquo;elle que vous r\u00e9alisez \u00e0 quel point la Terre est incroyable.\u00a0\u00bb De la&#8230;<\/p>\n","protected":false},"author":1,"featured_media":0,"parent":0,"menu_order":0,"comment_status":"closed","ping_status":"closed","template":"","meta":{"footnotes":""},"class_list":["post-2334","page","type-page","status-publish","hentry"],"_links":{"self":[{"href":"https:\/\/highvision.ca\/fr\/wp-json\/wp\/v2\/pages\/2334","targetHints":{"allow":["GET"]}}],"collection":[{"href":"https:\/\/highvision.ca\/fr\/wp-json\/wp\/v2\/pages"}],"about":[{"href":"https:\/\/highvision.ca\/fr\/wp-json\/wp\/v2\/types\/page"}],"author":[{"embeddable":true,"href":"https:\/\/highvision.ca\/fr\/wp-json\/wp\/v2\/users\/1"}],"replies":[{"embeddable":true,"href":"https:\/\/highvision.ca\/fr\/wp-json\/wp\/v2\/comments?post=2334"}],"version-history":[{"count":17,"href":"https:\/\/highvision.ca\/fr\/wp-json\/wp\/v2\/pages\/2334\/revisions"}],"predecessor-version":[{"id":2800,"href":"https:\/\/highvision.ca\/fr\/wp-json\/wp\/v2\/pages\/2334\/revisions\/2800"}],"wp:attachment":[{"href":"https:\/\/highvision.ca\/fr\/wp-json\/wp\/v2\/media?parent=2334"}],"curies":[{"name":"wp","href":"https:\/\/api.w.org\/{rel}","templated":true}]}}